{"id":447,"date":"2025-10-20T18:18:46","date_gmt":"2025-10-20T18:18:46","guid":{"rendered":"https:\/\/dulcesolstg.wpenginepowered.com\/?page_id=447"},"modified":"2026-04-08T20:33:17","modified_gmt":"2026-04-08T20:33:17","slug":"about","status":"publish","type":"page","link":"https:\/\/www.dulcesolaguasfrescas.com\/es\/about\/","title":{"rendered":"Acerca de"},"content":{"rendered":"\n<!-- About Page Hero Section -->\n<div class=\"flex relative w-full rounded-lg px-[19px] sm:px-[25px] md:px-[50px] lg:px-[91px] max-w-[1440px] min-h-[237px] mt-[5%] sm:mb-[-5px] mx-auto justify-center items-center overflow-hidden is-layout-flow wp-block-acf-hero-section-is-layout-flow\">\n    \n            <img decoding=\"async\" \n            src=\"https:\/\/www.dulcesolaguasfrescas.com\/wp-content\/uploads\/2026\/04\/DUL_Updated-Web-ImagesAbout-Header-Desktop-1.webp\"\n            alt=\"\"\n            class=\"flex inset-0 w-auto h-[422px] rounded-lg object-center object-cover hidden md:block z-0\"\n        \/>\n        \n            <img decoding=\"async\" \n            src=\"https:\/\/www.dulcesolaguasfrescas.com\/wp-content\/uploads\/2026\/04\/DUL_Updated-Web-ImagesAbout-Header-Mobile-1.png\"\n            alt=\"\"\n            class=\"flex inset-0 w-full h-full rounded-lg max-h-[300px] sm:max-h-[350px] md:max-h-[422px] object-center object-cover block md:hidden z-0\"\n        \/>\n        \n<\/div>\n\n\n<section class=\"mt-[30px] sm:mt-[60px] mb-[63px] sm:mb-[60px] w-full flex px-10 is-layout-flow wp-block-acf-description-banner-is-layout-flow\">\n    <div data-animate-fade-up data-stagger class=\"mx-auto z-20\">\n        <div class=\"max-w-[757px] max-h-none sm:max-h-[400px] mx-auto text-center\">\n                        <h1 class=\"xl:!text-[70px] mb-[-0.50rem] stagger-item text-primary h1-large has-trademark\">\n                \u00bfQU\u00c9 SON LAS AGUAS FRESCAS?            <\/h1>\n                                                <div class=\"mb-8 stagger-item mx-auto\">\n                <p class=\"text-primary\"><br>Conozca la bebida que ha unido a las personas durante generaciones. Aguas frescas son la opci\u00f3n preferida de M\u00e9xico, son la opci\u00f3n preferida de M\u00e9xico para refrescarse, ponerse al d\u00eda y celebrar los peque\u00f1os momentos de la vida. Tradicionalmente elaborados mezclando frutas o flores frescas mezcladas con agua y un toque de az\u00facar, son ligeros, jugosos y naturalmente refrescantes. <\/p>\n            <\/div>\n                                 <!-- Button -->\n                    <\/div>\n    <\/div>\n<\/section>\n\n\n<div class=\"w-full h-auto relative is-layout-flow wp-block-acf-image-text-container-is-layout-flow\">\n<!-- <div class=\"absolute inset-0 pointer-events-none z-0\">\n        <img decoding=\"async\" \n            src=\"https:\/\/www.dulcesolaguasfrescas.com\/wp-content\/themes\/dulce\/resources\/images\/sunbursts\/sunburst-white.svg\" \n            alt=\"sunburst-left\" \n            class=\"absolute left-[-100px] top-[-220px] opacity-[.40] h-auto max-w-[247px] md:max-w-[600px]\"\n        \/>\n        <img decoding=\"async\" \n            src=\"https:\/\/www.dulcesolaguasfrescas.com\/wp-content\/themes\/dulce\/resources\/images\/sunbursts\/sunburst-white.svg\" \n            alt=\"sunburst-right\" \n            class=\"absolute h-auto right-[-80px] top-[550px] opacity-[.40] max-w-[247px] md:max-w-[600px]\"\n        \/>\n    <\/div> -->\n    <div class=\"mt-[17px] sm:mt-[90px] mb-[80px] sm:mb-[90px] lg:max-w-[1000px] xl:max-w-[1250px] 2xl:max-w-[1320px] px-[19px] xl:[px-73px] sm:px-[75px] lg:px-[30px] flex flex-col items-center w-full h-auto mx-auto\">\n        <!-- Image Left\/Text Right Content -->\n        <div data-animate-fade-up data-stagger class=\"flex flex-col relative lg:flex-row w-full h-auto lg:max-h-[550px] mx-auto items-center justify-between gap-5\">\n            <div class=\"absolute inset-0 pointer-events-none z-0\">\n                <img decoding=\"async\" \n                    src=\"https:\/\/www.dulcesolaguasfrescas.com\/wp-content\/themes\/dulce\/resources\/images\/sunbursts\/sunburst-white.svg\" \n                    alt=\"sunburst-left\" \n                    data-sunburst-right\n                    class=\"absolute left-[-170px] top-[-150px] -z-10 md-lg:top-[-200px] opacity-[.40] h-auto max-w-[395px] md:max-w-[450px] md-lg:max-w-[525px] lg:max-w-[575px] xl:max-w-[600px]\"\n                \/>\n            <\/div>\n                            <div class=\"flex max-w-[440px] rounded-lg xl:max-w-[650px] xl:w-[60%] w-full h-auto mx-auto\">\n                    <img decoding=\"async\" \n                        src=\"https:\/\/www.dulcesolaguasfrescas.com\/wp-content\/uploads\/2026\/04\/DUL_Updated-Web-ImagesAbout-Fresh-Twist-1.webp\" \n                        alt=\"\" \n                        class=\"w-full h-auto mx-auto stagger-item z-20 object-contain 2xs:max-h-[330px] rounded-lg xs:max-h-none\"\n                    \/>\n                <\/div>\n            \n                            <section class=\"xl:w-[40%] mt-6 lg:mt-0 w-full flex\">\n                    <div class=\"mx-auto\">\n                        <div data-animate-fade-up data-stagger class=\"max-w-[500px] z-20  mx-auto items-center justify-center flex flex-col text-center\">\n                                                            <h1 class=\"xl:!text-[70px] stagger-item text-primary h1-large\">\n                                    UN GIRO FRESCO                                <\/h1>\n                                                                                        <div class=\"h2-small text-center stagger-item text-primary mb-2\">\n                                    SOBRE UN FAVORITO ATEMPORAL                                <\/div>\n                                                                                        <div class=\"mt-4 stagger-item px-[0.5rem] lg:mx-8\">\n                                    <p class=\"text-primary\">Dulce Sol Spiked Aguas Frescas honra la tradici\u00f3n mientras reinventa lo que puede ser una bebida refrescante. Mantuvimos todo lo que amas, el jugo de fruta real, los sabores vibrantes, el ambiente f\u00e1cil de beber y agregamos un poco de diversi\u00f3n (bueno, alcohol). Inspirado en los sabores tradicionales de las aguas frescas, Dulce Sol es una versi\u00f3n mejorada con alcohol del cl\u00e1sico agua de fresa, agua de pi\u00f1a, agua de Jamaica (limonada de hibisco) y agua de pepino-lim\u00f3n. Todo disponible en latas listas para beber que se adaptan perfectamente a sus planes de fin de semana (o de lunes a viernes, quienes somos para juzgar).<\/p>\n                                <\/div>\n                                                    <\/div>\n                    <\/div>\n                <\/section>\n                    <\/div>\n\n        <!-- Image Right\/Text Left Content -->\n        <div class=\"flex flex-col relative mt-[103px] lg:mt-[200px] lg:flex-row w-full h-auto mx-auto justify-between items-center lg:max-h-[550px] gap-5\">\n            <div class=\"absolute inset-0 pointer-events-none z-0\">\n                <img decoding=\"async\" \n                    src=\"https:\/\/www.dulcesolaguasfrescas.com\/wp-content\/themes\/dulce\/resources\/images\/sunbursts\/sunburst-white.svg\" \n                    alt=\"sunburst-right\" \n                    data-sunburst-left\n                    class=\"absolute h-auto right-[-130px] sm:ight-[-150px] top-[-130px] -z-10 sm:top-[-140px] md-lg:top-[-180px] lg:top-[-200px] opacity-[.40] max-w-[395px] md:max-w-[450px] md-lg:max-w-[525px] lg:max-w-[575px] xl:max-w-[600px]\"\n                \/>\n            <\/div>\n        \n                            <div data-animate-fade-up data-stagger class=\"w-full rounded-lg xl:w-[60%] max-w-[440px] xl:max-w-[650px] h-auto mx-auto order-first lg:order-last relative z-10\">\n                    <img decoding=\"async\" \n                        src=\"https:\/\/www.dulcesolaguasfrescas.com\/wp-content\/uploads\/2026\/04\/DUL_Updated-Web-ImagesAbout-Agua-Frescas-1.webp\" \n                        alt=\"\" \n                        class=\"w-full mx-auto h-auto object-contain stagger-item rounded-lg 2xs:max-h-[330px] xs:max-h-none\"\n                    \/>\n                <\/div>\n                                        <section class=\"xl:w-[40%] mt-6 lg:mt-0 w-full flex px-5 order-last md-lg:order-first items-center relative z-10\">\n                    <div data-animate-fade-up data-stagger class=\"mx-auto items-center justify-center\">\n                        <div class=\"w-full max-w-[500px] z-20 items-center justify-center flex flex-col mx-auto text-center\">\n                                                            <div class=\"h2-small text-center stagger-item text-primary mb-4\">\n                                    DULCE SOL                                <\/div>\n                                                                                        <h1 class=\"xl:!text-[70px] stagger-item text-primary h1-large\">\n                                    SPIKED AGUAS FRESCAS                                <\/h1>\n                                                                                        <div class=\"mt-4 stagger-item px-[0.5rem] lg:mx-8\">\n                                    <p class=\"text-primary\">Vibrante y jugosas, estas bebidas dulces y con alcohol est\u00e1n hechas para absorber los mejores momentos que la vida tiene para ofrecer. Dulce Sol ofrece sabores que realmente brillan. Hechas con jugo de fruta real y 4.5% de alcohol, estas bebidas refrescantes sin gas y f\u00e1ciles de tomar est\u00e1n hechas para mantener los buenos momentos fluyendo.<\/p>\n                                <\/div>\n                                                    <\/div>\n                    <\/div>\n                <\/section>\n                    <\/div>\n    <\/div>\n<\/div>\n\n\n<section class=\"mt-[30px] sm:mt-[60px] mb-[63px] sm:mb-[60px] w-full flex px-10 is-layout-flow wp-block-acf-description-banner-is-layout-flow\">\n    <div data-animate-fade-up data-stagger class=\"mx-auto z-20\">\n        <div class=\"max-w-[757px] max-h-none sm:max-h-[400px] mx-auto text-center\">\n                        <h1 class=\"xl:!text-[70px] mb-[-0.50rem] stagger-item text-primary h1-large has-trademark\">\n                Te espera un refresco.            <\/h1>\n                                                <div class=\"mb-8 stagger-item mx-auto\">\n                <p class=\"text-primary\">Disponible en un minorista cercano a usted.<\/p>\n            <\/div>\n                                 <!-- Button -->\n                            <div class=\"w-full justify-center items-center block mt-6 mb-10\">\n                    <a href=\"\/es\/shop-now\" \n                    class=\"button-main stagger-item border-none hover:bg-white hover:text-primary bg-primary text-white\">\n                        <span>Compra ahora<\/span>\n                    <\/a>\n                <\/div>\n                    <\/div>\n    <\/div>\n<\/section>\n\n\n<p><\/p>\n","protected":false},"excerpt":{"rendered":"","protected":false},"author":1,"featured_media":0,"parent":0,"menu_order":0,"comment_status":"closed","ping_status":"closed","template":"","meta":{"_acf_changed":true,"footnotes":""},"class_list":["post-447","page","type-page","status-publish","hentry"],"acf":[],"yoast_head":"<!-- This site is optimized with the Yoast SEO plugin v27.3 - https:\/\/yoast.com\/product\/yoast-seo-wordpress\/ -->\n<title>Acerca de - Dulce Sol<\/title>\n<meta name=\"description\" content=\"Descubre Dulce Sol Spiked Aguas Frescas, elaboradas con jugo de fruta real. Disponible en sabores de fresa, pi\u00f1a, limonada de hibisco y pepino y lima.\" \/>\n<meta name=\"robots\" content=\"index, follow, max-snippet:-1, max-image-preview:large, max-video-preview:-1\" \/>\n<link rel=\"canonical\" href=\"https:\/\/www.dulcesolaguasfrescas.com\/es\/about\/\" \/>\n<meta property=\"og:locale\" content=\"es_ES\" \/>\n<meta property=\"og:type\" content=\"article\" \/>\n<meta property=\"og:title\" content=\"Acerca de - Dulce Sol\" \/>\n<meta property=\"og:description\" content=\"Descubre Dulce Sol Spiked Aguas Frescas, elaboradas con jugo de fruta real. Disponible en sabores de fresa, pi\u00f1a, limonada de hibisco y pepino y lima.\" \/>\n<meta property=\"og:url\" content=\"https:\/\/www.dulcesolaguasfrescas.com\/es\/about\/\" \/>\n<meta property=\"og:site_name\" content=\"Dulce Sol\" \/>\n<meta property=\"article:modified_time\" content=\"2026-04-08T20:33:17+00:00\" \/>\n<meta property=\"og:image\" content=\"https:\/\/www.dulcesolaguasfrescas.com\/wp-content\/uploads\/2025\/12\/Dulce-Sol-Site-Image.jpg\" \/>\n\t<meta property=\"og:image:width\" content=\"1200\" \/>\n\t<meta property=\"og:image:height\" content=\"675\" \/>\n\t<meta property=\"og:image:type\" content=\"image\/jpeg\" \/>\n<meta name=\"twitter:card\" content=\"summary_large_image\" \/>\n<script type=\"application\/ld+json\" class=\"yoast-schema-graph\">{\"@context\":\"https:\\\/\\\/schema.org\",\"@graph\":[{\"@type\":\"WebPage\",\"@id\":\"https:\\\/\\\/www.dulcesolaguasfrescas.com\\\/es\\\/about\\\/\",\"url\":\"https:\\\/\\\/www.dulcesolaguasfrescas.com\\\/es\\\/about\\\/\",\"name\":\"Acerca de - Dulce Sol\",\"isPartOf\":{\"@id\":\"https:\\\/\\\/www.dulcesolaguasfrescas.com\\\/es\\\/#website\"},\"datePublished\":\"2025-10-20T18:18:46+00:00\",\"dateModified\":\"2026-04-08T20:33:17+00:00\",\"description\":\"Descubre Dulce Sol Spiked Aguas Frescas, elaboradas con jugo de fruta real. Disponible en sabores de fresa, pi\u00f1a, limonada de hibisco y pepino y lima.\",\"breadcrumb\":{\"@id\":\"https:\\\/\\\/www.dulcesolaguasfrescas.com\\\/es\\\/about\\\/#breadcrumb\"},\"inLanguage\":\"es\",\"potentialAction\":[{\"@type\":\"ReadAction\",\"target\":[\"https:\\\/\\\/www.dulcesolaguasfrescas.com\\\/es\\\/about\\\/\"]}]},{\"@type\":\"BreadcrumbList\",\"@id\":\"https:\\\/\\\/www.dulcesolaguasfrescas.com\\\/es\\\/about\\\/#breadcrumb\",\"itemListElement\":[{\"@type\":\"ListItem\",\"position\":1,\"name\":\"Home\",\"item\":\"https:\\\/\\\/www.dulcesolaguasfrescas.com\\\/es\\\/\"},{\"@type\":\"ListItem\",\"position\":2,\"name\":\"Acerca de\"}]},{\"@type\":\"WebSite\",\"@id\":\"https:\\\/\\\/www.dulcesolaguasfrescas.com\\\/es\\\/#website\",\"url\":\"https:\\\/\\\/www.dulcesolaguasfrescas.com\\\/es\\\/\",\"name\":\"Dulce Sol Aguas Frescas\",\"description\":\"Spiked Aguas Frescas with wine, crisp water, and real fruit juice.\",\"publisher\":{\"@id\":\"https:\\\/\\\/www.dulcesolaguasfrescas.com\\\/es\\\/#organization\"},\"alternateName\":\"Dulce Sol\",\"potentialAction\":[{\"@type\":\"SearchAction\",\"target\":{\"@type\":\"EntryPoint\",\"urlTemplate\":\"https:\\\/\\\/www.dulcesolaguasfrescas.com\\\/es\\\/?s={search_term_string}\"},\"query-input\":{\"@type\":\"PropertyValueSpecification\",\"valueRequired\":true,\"valueName\":\"search_term_string\"}}],\"inLanguage\":\"es\"},{\"@type\":\"Organization\",\"@id\":\"https:\\\/\\\/www.dulcesolaguasfrescas.com\\\/es\\\/#organization\",\"name\":\"Dulce Sol Aguas Frescas\",\"alternateName\":\"Dulce Sol\",\"url\":\"https:\\\/\\\/www.dulcesolaguasfrescas.com\\\/es\\\/\",\"logo\":{\"@type\":\"ImageObject\",\"inLanguage\":\"es\",\"@id\":\"https:\\\/\\\/www.dulcesolaguasfrescas.com\\\/es\\\/#\\\/schema\\\/logo\\\/image\\\/\",\"url\":\"http:\\\/\\\/www.dulcesolaguasfrescas.com\\\/wp-content\\\/uploads\\\/2025\\\/11\\\/cropped-Dulce-Sol-Logo.png\",\"contentUrl\":\"http:\\\/\\\/www.dulcesolaguasfrescas.com\\\/wp-content\\\/uploads\\\/2025\\\/11\\\/cropped-Dulce-Sol-Logo.png\",\"width\":512,\"height\":512,\"caption\":\"Dulce Sol Aguas Frescas\"},\"image\":{\"@id\":\"https:\\\/\\\/www.dulcesolaguasfrescas.com\\\/es\\\/#\\\/schema\\\/logo\\\/image\\\/\"}}]}<\/script>\n<!-- \/ Yoast SEO plugin. -->","yoast_head_json":{"title":"Acerca de - Dulce Sol","description":"Descubre Dulce Sol Spiked Aguas Frescas, elaboradas con jugo de fruta real. Disponible en sabores de fresa, pi\u00f1a, limonada de hibisco y pepino y lima.","robots":{"index":"index","follow":"follow","max-snippet":"max-snippet:-1","max-image-preview":"max-image-preview:large","max-video-preview":"max-video-preview:-1"},"canonical":"https:\/\/www.dulcesolaguasfrescas.com\/es\/about\/","og_locale":"es_ES","og_type":"article","og_title":"Acerca de - Dulce Sol","og_description":"Descubre Dulce Sol Spiked Aguas Frescas, elaboradas con jugo de fruta real. Disponible en sabores de fresa, pi\u00f1a, limonada de hibisco y pepino y lima.","og_url":"https:\/\/www.dulcesolaguasfrescas.com\/es\/about\/","og_site_name":"Dulce Sol","article_modified_time":"2026-04-08T20:33:17+00:00","og_image":[{"width":1200,"height":675,"url":"https:\/\/www.dulcesolaguasfrescas.com\/wp-content\/uploads\/2025\/12\/Dulce-Sol-Site-Image.jpg","type":"image\/jpeg"}],"twitter_card":"summary_large_image","schema":{"@context":"https:\/\/schema.org","@graph":[{"@type":"WebPage","@id":"https:\/\/www.dulcesolaguasfrescas.com\/es\/about\/","url":"https:\/\/www.dulcesolaguasfrescas.com\/es\/about\/","name":"Acerca de - Dulce Sol","isPartOf":{"@id":"https:\/\/www.dulcesolaguasfrescas.com\/es\/#website"},"datePublished":"2025-10-20T18:18:46+00:00","dateModified":"2026-04-08T20:33:17+00:00","description":"Descubre Dulce Sol Spiked Aguas Frescas, elaboradas con jugo de fruta real. Disponible en sabores de fresa, pi\u00f1a, limonada de hibisco y pepino y lima.","breadcrumb":{"@id":"https:\/\/www.dulcesolaguasfrescas.com\/es\/about\/#breadcrumb"},"inLanguage":"es","potentialAction":[{"@type":"ReadAction","target":["https:\/\/www.dulcesolaguasfrescas.com\/es\/about\/"]}]},{"@type":"BreadcrumbList","@id":"https:\/\/www.dulcesolaguasfrescas.com\/es\/about\/#breadcrumb","itemListElement":[{"@type":"ListItem","position":1,"name":"Home","item":"https:\/\/www.dulcesolaguasfrescas.com\/es\/"},{"@type":"ListItem","position":2,"name":"Acerca de"}]},{"@type":"WebSite","@id":"https:\/\/www.dulcesolaguasfrescas.com\/es\/#website","url":"https:\/\/www.dulcesolaguasfrescas.com\/es\/","name":"Dulce Sol Aguas Frescas","description":"Spiked Aguas Frescas with wine, crisp water, and real fruit juice.","publisher":{"@id":"https:\/\/www.dulcesolaguasfrescas.com\/es\/#organization"},"alternateName":"Dulce Sol","potentialAction":[{"@type":"SearchAction","target":{"@type":"EntryPoint","urlTemplate":"https:\/\/www.dulcesolaguasfrescas.com\/es\/?s={search_term_string}"},"query-input":{"@type":"PropertyValueSpecification","valueRequired":true,"valueName":"search_term_string"}}],"inLanguage":"es"},{"@type":"Organization","@id":"https:\/\/www.dulcesolaguasfrescas.com\/es\/#organization","name":"Dulce Sol Aguas Frescas","alternateName":"Dulce Sol","url":"https:\/\/www.dulcesolaguasfrescas.com\/es\/","logo":{"@type":"ImageObject","inLanguage":"es","@id":"https:\/\/www.dulcesolaguasfrescas.com\/es\/#\/schema\/logo\/image\/","url":"http:\/\/www.dulcesolaguasfrescas.com\/wp-content\/uploads\/2025\/11\/cropped-Dulce-Sol-Logo.png","contentUrl":"http:\/\/www.dulcesolaguasfrescas.com\/wp-content\/uploads\/2025\/11\/cropped-Dulce-Sol-Logo.png","width":512,"height":512,"caption":"Dulce Sol Aguas Frescas"},"image":{"@id":"https:\/\/www.dulcesolaguasfrescas.com\/es\/#\/schema\/logo\/image\/"}}]}},"_links":{"self":[{"href":"https:\/\/www.dulcesolaguasfrescas.com\/es\/wp-json\/wp\/v2\/pages\/447","targetHints":{"allow":["GET"]}}],"collection":[{"href":"https:\/\/www.dulcesolaguasfrescas.com\/es\/wp-json\/wp\/v2\/pages"}],"about":[{"href":"https:\/\/www.dulcesolaguasfrescas.com\/es\/wp-json\/wp\/v2\/types\/page"}],"author":[{"embeddable":true,"href":"https:\/\/www.dulcesolaguasfrescas.com\/es\/wp-json\/wp\/v2\/users\/1"}],"replies":[{"embeddable":true,"href":"https:\/\/www.dulcesolaguasfrescas.com\/es\/wp-json\/wp\/v2\/comments?post=447"}],"version-history":[{"count":0,"href":"https:\/\/www.dulcesolaguasfrescas.com\/es\/wp-json\/wp\/v2\/pages\/447\/revisions"}],"wp:attachment":[{"href":"https:\/\/www.dulcesolaguasfrescas.com\/es\/wp-json\/wp\/v2\/media?parent=447"}],"curies":[{"name":"wp","href":"https:\/\/api.w.org\/{rel}","templated":true}]}}